{"id":54,"date":"2026-04-05T10:17:41","date_gmt":"2026-04-05T10:17:41","guid":{"rendered":"https:\/\/elyseevtc.com\/index.php\/page-left-sidebar\/"},"modified":"2026-04-05T10:17:41","modified_gmt":"2026-04-05T10:17:41","slug":"page-left-sidebar","status":"publish","type":"page","link":"https:\/\/elyseevtc.com\/index.php\/page-left-sidebar\/","title":{"rendered":"Page Left Sidebar"},"content":{"rendered":"<p>Te obtinuit ut adepto satis somno. Aliisque institoribus iter deliciae vivet vita. Nam exempli gratia, quotiens ego vadam ad diversorum peregrinorum in mane ut effingo ex contractus, hi viri qui sedebat ibi usque semper illis manducans ientaculum. Solum cum bulla ut debui; EGO youd adepto a macula proiciendi. Sed quis scit si forte quod esset optima res pro me. sicut ea quae sentio. Qui vellem cadunt off ius desk ejus! Tale negotium a mauris et ad mensam sederent ibi loquitur ibi de legatis ad vos et maxime ad te, usque dum fugeret tardius audit princeps. Bene tamen fiduciam Ego got off semelTe obtinuit ut adepto satis somno. Aliisque institoribus iter deliciae vivet vita. Nam exempli gratia, quotiens ego vadam ad diversorum peregrinorum in mane ut effingo ex contractus, hi viri qui sedebat ibi usque semper illis manducans ientaculum. Solum cum bulla ut debui; EGO youd adepto a macula proiciendi. Sed quis scit si forte quod esset optima res pro me. sicut ea quae sentio. Qui vellem cadunt off ius desk ejus! Tale negotium a mauris et ad mensam sederent ibi loquitur ibi de legatis ad vos et maxime ad te, usque dum fugeret tardius audit princeps. Bene tamen fiduciam Ego got off semel.Te obtinuit ut adepto satis somno. Aliisque institoribus iter deliciae vivet vita. Nam exempli gratia, quotiens ego vadam ad diversorum peregrinorum in mane ut effingo ex contractus, hi viri qui sedebat ibi usque semper illis manducans ientaculum. Solum cum bulla ut debui; EGO youd adepto a macula proiciendi. Sed quis scit si forte quod esset optima res pro me. sicut ea quae sentio. Qui vellem cadunt off ius desk ejus! Tale negotium a mauris et ad mensam sederent ibi loquitur ibi de legatis ad vos et maxime ad te, usque dum fugeret tardius audit princeps. Bene tamen fiduciam Ego got off semelTe obtinuit ut adepto satis somno. Aliisque institoribus iter deliciae vive<\/p>\n","protected":false},"excerpt":{"rendered":"<p>Te obtinuit ut adepto satis somno. Aliisque institoribus iter deliciae vivet vita. Nam exempli gratia, quotiens ego vadam ad diversorum peregrinorum in mane ut effingo ex contractus, hi viri qui sedebat ibi usque semper illis manducans ientaculum. Solum cum bulla ut debui; EGO youd adepto a macula proiciendi. Sed quis scit si forte quod esset &hellip; <\/p>\n<p class=\"link-more\"><a href=\"https:\/\/elyseevtc.com\/index.php\/page-left-sidebar\/\" class=\"more-link\">Continue reading<span class=\"screen-reader-text\"> \u00ab\u00a0Page Left Sidebar\u00a0\u00bb<\/span><\/a><\/p>\n","protected":false},"author":1,"featured_media":0,"parent":0,"menu_order":0,"comment_status":"closed","ping_status":"closed","template":"page-template\/page-with-left-sidebar.php","meta":{"_regular_price":[],"currency_symbol":[],"footnotes":""},"class_list":["post-54","page","type-page","status-publish","hentry"],"post_slider_layout_featured_media_urls":{"thumbnail":"","post_slider_layout_landscape_large":"","post_slider_layout_portrait_large":"","post_slider_layout_square_large":"","post_slider_layout_landscape":"","post_slider_layout_portrait":"","post_slider_layout_square":"","full":""},"yoast_head":"<!-- This site is optimized with the Yoast SEO plugin v27.3 - https:\/\/yoast.com\/product\/yoast-seo-wordpress\/ -->\n<title>Page Left Sidebar - Elys\u00e9e VTC<\/title>\n<meta name=\"robots\" content=\"index, follow, max-snippet:-1, max-image-preview:large, max-video-preview:-1\" \/>\n<link rel=\"canonical\" href=\"https:\/\/elyseevtc.com\/index.php\/page-left-sidebar\/\" \/>\n<meta property=\"og:locale\" content=\"fr_FR\" \/>\n<meta property=\"og:type\" content=\"article\" \/>\n<meta property=\"og:title\" content=\"Page Left Sidebar - Elys\u00e9e VTC\" \/>\n<meta property=\"og:description\" content=\"Te obtinuit ut adepto satis somno. Aliisque institoribus iter deliciae vivet vita. Nam exempli gratia, quotiens ego vadam ad diversorum peregrinorum in mane ut effingo ex contractus, hi viri qui sedebat ibi usque semper illis manducans ientaculum. Solum cum bulla ut debui; EGO youd adepto a macula proiciendi. Sed quis scit si forte quod esset &hellip; Continue reading &quot;Page Left Sidebar&quot;\" \/>\n<meta property=\"og:url\" content=\"https:\/\/elyseevtc.com\/index.php\/page-left-sidebar\/\" \/>\n<meta property=\"og:site_name\" content=\"Elys\u00e9e VTC\" \/>\n<meta name=\"twitter:card\" content=\"summary_large_image\" \/>\n<meta name=\"twitter:label1\" content=\"Dur\u00e9e de lecture estim\u00e9e\" \/>\n\t<meta name=\"twitter:data1\" content=\"2 minutes\" \/>\n<script type=\"application\/ld+json\" class=\"yoast-schema-graph\">{\"@context\":\"https:\\\/\\\/schema.org\",\"@graph\":[{\"@type\":\"WebPage\",\"@id\":\"https:\\\/\\\/elyseevtc.com\\\/index.php\\\/page-left-sidebar\\\/\",\"url\":\"https:\\\/\\\/elyseevtc.com\\\/index.php\\\/page-left-sidebar\\\/\",\"name\":\"Page Left Sidebar - Elys\u00e9e VTC\",\"isPartOf\":{\"@id\":\"https:\\\/\\\/elyseevtc.com\\\/#website\"},\"datePublished\":\"2026-04-05T10:17:41+00:00\",\"breadcrumb\":{\"@id\":\"https:\\\/\\\/elyseevtc.com\\\/index.php\\\/page-left-sidebar\\\/#breadcrumb\"},\"inLanguage\":\"fr-FR\",\"potentialAction\":[{\"@type\":\"ReadAction\",\"target\":[\"https:\\\/\\\/elyseevtc.com\\\/index.php\\\/page-left-sidebar\\\/\"]}]},{\"@type\":\"BreadcrumbList\",\"@id\":\"https:\\\/\\\/elyseevtc.com\\\/index.php\\\/page-left-sidebar\\\/#breadcrumb\",\"itemListElement\":[{\"@type\":\"ListItem\",\"position\":1,\"name\":\"Accueil\",\"item\":\"https:\\\/\\\/elyseevtc.com\\\/\"},{\"@type\":\"ListItem\",\"position\":2,\"name\":\"Page Left Sidebar\"}]},{\"@type\":\"WebSite\",\"@id\":\"https:\\\/\\\/elyseevtc.com\\\/#website\",\"url\":\"https:\\\/\\\/elyseevtc.com\\\/\",\"name\":\"Elys\u00e9e VTC\",\"description\":\"Un d\u00e9placement de qualit\u00e9\",\"publisher\":{\"@id\":\"https:\\\/\\\/elyseevtc.com\\\/#organization\"},\"potentialAction\":[{\"@type\":\"SearchAction\",\"target\":{\"@type\":\"EntryPoint\",\"urlTemplate\":\"https:\\\/\\\/elyseevtc.com\\\/?s={search_term_string}\"},\"query-input\":{\"@type\":\"PropertyValueSpecification\",\"valueRequired\":true,\"valueName\":\"search_term_string\"}}],\"inLanguage\":\"fr-FR\"},{\"@type\":\"Organization\",\"@id\":\"https:\\\/\\\/elyseevtc.com\\\/#organization\",\"name\":\"Elys\u00e9e VTC\",\"url\":\"https:\\\/\\\/elyseevtc.com\\\/\",\"logo\":{\"@type\":\"ImageObject\",\"inLanguage\":\"fr-FR\",\"@id\":\"https:\\\/\\\/elyseevtc.com\\\/#\\\/schema\\\/logo\\\/image\\\/\",\"url\":\"https:\\\/\\\/elyseevtc.com\\\/wp-content\\\/uploads\\\/2026\\\/04\\\/cropped-Logo_Elysee_VTC_depuis_capture_recadree.jpg\",\"contentUrl\":\"https:\\\/\\\/elyseevtc.com\\\/wp-content\\\/uploads\\\/2026\\\/04\\\/cropped-Logo_Elysee_VTC_depuis_capture_recadree.jpg\",\"width\":210,\"height\":123,\"caption\":\"Elys\u00e9e VTC\"},\"image\":{\"@id\":\"https:\\\/\\\/elyseevtc.com\\\/#\\\/schema\\\/logo\\\/image\\\/\"}}]}<\/script>\n<!-- \/ Yoast SEO plugin. -->","yoast_head_json":{"title":"Page Left Sidebar - Elys\u00e9e VTC","robots":{"index":"index","follow":"follow","max-snippet":"max-snippet:-1","max-image-preview":"max-image-preview:large","max-video-preview":"max-video-preview:-1"},"canonical":"https:\/\/elyseevtc.com\/index.php\/page-left-sidebar\/","og_locale":"fr_FR","og_type":"article","og_title":"Page Left Sidebar - Elys\u00e9e VTC","og_description":"Te obtinuit ut adepto satis somno. Aliisque institoribus iter deliciae vivet vita. Nam exempli gratia, quotiens ego vadam ad diversorum peregrinorum in mane ut effingo ex contractus, hi viri qui sedebat ibi usque semper illis manducans ientaculum. Solum cum bulla ut debui; EGO youd adepto a macula proiciendi. Sed quis scit si forte quod esset &hellip; Continue reading \"Page Left Sidebar\"","og_url":"https:\/\/elyseevtc.com\/index.php\/page-left-sidebar\/","og_site_name":"Elys\u00e9e VTC","twitter_card":"summary_large_image","twitter_misc":{"Dur\u00e9e de lecture estim\u00e9e":"2 minutes"},"schema":{"@context":"https:\/\/schema.org","@graph":[{"@type":"WebPage","@id":"https:\/\/elyseevtc.com\/index.php\/page-left-sidebar\/","url":"https:\/\/elyseevtc.com\/index.php\/page-left-sidebar\/","name":"Page Left Sidebar - Elys\u00e9e VTC","isPartOf":{"@id":"https:\/\/elyseevtc.com\/#website"},"datePublished":"2026-04-05T10:17:41+00:00","breadcrumb":{"@id":"https:\/\/elyseevtc.com\/index.php\/page-left-sidebar\/#breadcrumb"},"inLanguage":"fr-FR","potentialAction":[{"@type":"ReadAction","target":["https:\/\/elyseevtc.com\/index.php\/page-left-sidebar\/"]}]},{"@type":"BreadcrumbList","@id":"https:\/\/elyseevtc.com\/index.php\/page-left-sidebar\/#breadcrumb","itemListElement":[{"@type":"ListItem","position":1,"name":"Accueil","item":"https:\/\/elyseevtc.com\/"},{"@type":"ListItem","position":2,"name":"Page Left Sidebar"}]},{"@type":"WebSite","@id":"https:\/\/elyseevtc.com\/#website","url":"https:\/\/elyseevtc.com\/","name":"Elys\u00e9e VTC","description":"Un d\u00e9placement de qualit\u00e9","publisher":{"@id":"https:\/\/elyseevtc.com\/#organization"},"potentialAction":[{"@type":"SearchAction","target":{"@type":"EntryPoint","urlTemplate":"https:\/\/elyseevtc.com\/?s={search_term_string}"},"query-input":{"@type":"PropertyValueSpecification","valueRequired":true,"valueName":"search_term_string"}}],"inLanguage":"fr-FR"},{"@type":"Organization","@id":"https:\/\/elyseevtc.com\/#organization","name":"Elys\u00e9e VTC","url":"https:\/\/elyseevtc.com\/","logo":{"@type":"ImageObject","inLanguage":"fr-FR","@id":"https:\/\/elyseevtc.com\/#\/schema\/logo\/image\/","url":"https:\/\/elyseevtc.com\/wp-content\/uploads\/2026\/04\/cropped-Logo_Elysee_VTC_depuis_capture_recadree.jpg","contentUrl":"https:\/\/elyseevtc.com\/wp-content\/uploads\/2026\/04\/cropped-Logo_Elysee_VTC_depuis_capture_recadree.jpg","width":210,"height":123,"caption":"Elys\u00e9e VTC"},"image":{"@id":"https:\/\/elyseevtc.com\/#\/schema\/logo\/image\/"}}]}},"_links":{"self":[{"href":"https:\/\/elyseevtc.com\/index.php\/wp-json\/wp\/v2\/pages\/54","targetHints":{"allow":["GET"]}}],"collection":[{"href":"https:\/\/elyseevtc.com\/index.php\/wp-json\/wp\/v2\/pages"}],"about":[{"href":"https:\/\/elyseevtc.com\/index.php\/wp-json\/wp\/v2\/types\/page"}],"author":[{"embeddable":true,"href":"https:\/\/elyseevtc.com\/index.php\/wp-json\/wp\/v2\/users\/1"}],"replies":[{"embeddable":true,"href":"https:\/\/elyseevtc.com\/index.php\/wp-json\/wp\/v2\/comments?post=54"}],"version-history":[{"count":0,"href":"https:\/\/elyseevtc.com\/index.php\/wp-json\/wp\/v2\/pages\/54\/revisions"}],"wp:attachment":[{"href":"https:\/\/elyseevtc.com\/index.php\/wp-json\/wp\/v2\/media?parent=54"}],"curies":[{"name":"wp","href":"https:\/\/api.w.org\/{rel}","templated":true}]}}